{"id":701,"date":"2025-02-13T11:23:44","date_gmt":"2025-02-13T10:23:44","guid":{"rendered":"http:\/\/edukacjaspojrzenia.pl\/?page_id=701"},"modified":"2025-02-13T11:33:16","modified_gmt":"2025-02-13T10:33:16","slug":"filmy-z-autodeskrypcja","status":"publish","type":"page","link":"https:\/\/edukacjaspojrzenia.pl\/index.php\/filmy-z-autodeskrypcja\/","title":{"rendered":"filmy z autodeskrypcj\u0105"},"content":{"rendered":"<p><iframe loading=\"lazy\" title=\"POTOP. Analiza sceny zemsty Kmicica. AUDIODESKRYPCJA\/CC\/PJM\" width=\"1100\" height=\"619\" src=\"https:\/\/www.youtube.com\/embed\/fNqjAT2C8yw?feature=oembed\" frameborder=\"0\" allow=\"accelerometer; autoplay; clipboard-write; encrypted-media; gyroscope; picture-in-picture; web-share\" referrerpolicy=\"strict-origin-when-cross-origin\" allowfullscreen><\/iframe><\/p>\n<p><iframe loading=\"lazy\" title=\"POTOP. Analiza sceny pojedynku. AUDIODESKRYPCJA\/CC\/PJM\" width=\"1100\" height=\"619\" src=\"https:\/\/www.youtube.com\/embed\/ku1mp_nKpeY?feature=oembed\" frameborder=\"0\" allow=\"accelerometer; autoplay; clipboard-write; encrypted-media; gyroscope; picture-in-picture; web-share\" referrerpolicy=\"strict-origin-when-cross-origin\" allowfullscreen><\/iframe><\/p>\n<p><iframe loading=\"lazy\" title=\"POTOP. Analiza sceny rozstrzelania Kmicica. AUDIODESKRYPCJA\/CC\/PJM\" width=\"1100\" height=\"619\" src=\"https:\/\/www.youtube.com\/embed\/IZO7-vsDXBY?feature=oembed\" frameborder=\"0\" allow=\"accelerometer; autoplay; clipboard-write; encrypted-media; gyroscope; picture-in-picture; web-share\" referrerpolicy=\"strict-origin-when-cross-origin\" allowfullscreen><\/iframe><\/p>\n<p><iframe loading=\"lazy\" title=\"FARAON. Analiza sceny otwieraj\u0105cej film. AUDIODESKRYPCJA\/CC\/PJM\" width=\"1100\" height=\"619\" src=\"https:\/\/www.youtube.com\/embed\/pmb-tvfwo2A?feature=oembed\" frameborder=\"0\" allow=\"accelerometer; autoplay; clipboard-write; encrypted-media; gyroscope; picture-in-picture; web-share\" referrerpolicy=\"strict-origin-when-cross-origin\" allowfullscreen><\/iframe><\/p>\n<p><iframe loading=\"lazy\" title=\"FARAON. Analiza sceny bitwy. AUDIODESKRYPCJA\/CC\/PJM\" width=\"1100\" height=\"619\" src=\"https:\/\/www.youtube.com\/embed\/Z3UjmVy3n7w?feature=oembed\" frameborder=\"0\" allow=\"accelerometer; autoplay; clipboard-write; encrypted-media; gyroscope; picture-in-picture; web-share\" referrerpolicy=\"strict-origin-when-cross-origin\" allowfullscreen><\/iframe><\/p>\n<p><iframe loading=\"lazy\" title=\"FARAON. Analiza sceny za\u0107mienia S\u0142o\u0144ca. AUDIODESKRYPCJA\/CC\/PJM\" width=\"1100\" height=\"619\" src=\"https:\/\/www.youtube.com\/embed\/oYOpFqVkAy4?feature=oembed\" frameborder=\"0\" allow=\"accelerometer; autoplay; clipboard-write; encrypted-media; gyroscope; picture-in-picture; web-share\" referrerpolicy=\"strict-origin-when-cross-origin\" allowfullscreen><\/iframe><\/p>\n","protected":false},"excerpt":{"rendered":"<a class=\"read-more-link\" href=\" https:\/\/edukacjaspojrzenia.pl\/index.php\/filmy-z-autodeskrypcja\/ \">Read more<\/a>","protected":false},"author":1,"featured_media":0,"parent":0,"menu_order":0,"comment_status":"closed","ping_status":"closed","template":"","meta":[],"_links":{"self":[{"href":"https:\/\/edukacjaspojrzenia.pl\/index.php\/wp-json\/wp\/v2\/pages\/701"}],"collection":[{"href":"https:\/\/edukacjaspojrzenia.pl\/index.php\/wp-json\/wp\/v2\/pages"}],"about":[{"href":"https:\/\/edukacjaspojrzenia.pl\/index.php\/wp-json\/wp\/v2\/types\/page"}],"author":[{"embeddable":true,"href":"https:\/\/edukacjaspojrzenia.pl\/index.php\/wp-json\/wp\/v2\/users\/1"}],"replies":[{"embeddable":true,"href":"https:\/\/edukacjaspojrzenia.pl\/index.php\/wp-json\/wp\/v2\/comments?post=701"}],"version-history":[{"count":4,"href":"https:\/\/edukacjaspojrzenia.pl\/index.php\/wp-json\/wp\/v2\/pages\/701\/revisions"}],"predecessor-version":[{"id":709,"href":"https:\/\/edukacjaspojrzenia.pl\/index.php\/wp-json\/wp\/v2\/pages\/701\/revisions\/709"}],"wp:attachment":[{"href":"https:\/\/edukacjaspojrzenia.pl\/index.php\/wp-json\/wp\/v2\/media?parent=701"}],"curies":[{"name":"wp","href":"https:\/\/api.w.org\/{rel}","templated":true}]}}