{"id":8,"date":"2019-12-31T16:24:40","date_gmt":"2019-12-31T15:24:40","guid":{"rendered":"http:\/\/new.edukacjaspojrzenia.pl\/?page_id=8"},"modified":"2023-12-29T19:21:56","modified_gmt":"2023-12-29T18:21:56","slug":"projekt","status":"publish","type":"page","link":"https:\/\/edukacjaspojrzenia.pl\/","title":{"rendered":"projekt"},"content":{"rendered":"<figure id=\"attachment_342\" aria-describedby=\"caption-attachment-342\" style=\"width: 1280px\" class=\"wp-caption alignnone\"><a href=\"https:\/\/edukacjaspojrzenia.pl\/index.php\/2021\/02\/10\/popiol-i-diament-analiza-sceny-w-barze\/popiol-i-diament-bar\/\" rel=\"attachment wp-att-342\"><img decoding=\"async\" loading=\"lazy\" class=\"wp-image-342 size-full\" src=\"https:\/\/edukacjaspojrzenia.pl\/wp-content\/uploads\/2021\/02\/Popio\u0301\u0142-i-diament-bar.png\" alt=\"\" width=\"1280\" height=\"718\" srcset=\"https:\/\/edukacjaspojrzenia.pl\/wp-content\/uploads\/2021\/02\/Popio\u0301\u0142-i-diament-bar.png 1280w, https:\/\/edukacjaspojrzenia.pl\/wp-content\/uploads\/2021\/02\/Popio\u0301\u0142-i-diament-bar-300x168.png 300w, https:\/\/edukacjaspojrzenia.pl\/wp-content\/uploads\/2021\/02\/Popio\u0301\u0142-i-diament-bar-1024x574.png 1024w, https:\/\/edukacjaspojrzenia.pl\/wp-content\/uploads\/2021\/02\/Popio\u0301\u0142-i-diament-bar-768x431.png 768w, https:\/\/edukacjaspojrzenia.pl\/wp-content\/uploads\/2021\/02\/Popio\u0301\u0142-i-diament-bar-1100x617.png 1100w, https:\/\/edukacjaspojrzenia.pl\/wp-content\/uploads\/2021\/02\/Popio\u0301\u0142-i-diament-bar-550x309.png 550w, https:\/\/edukacjaspojrzenia.pl\/wp-content\/uploads\/2021\/02\/Popio\u0301\u0142-i-diament-bar-160x90.png 160w\" sizes=\"(max-width: 1280px) 100vw, 1280px\" \/><\/a><figcaption id=\"caption-attachment-342\" class=\"wp-caption-text\">Popi\u00f3\u0142 i diament, re\u017c. Andrzej Wajda<\/figcaption><\/figure>\n<p>Projekt <em>Edukacja Spojrzenia<\/em> uczy ca\u0142o\u015bciowego i uwa\u017cnego odbioru dzie\u0142a filmowego. Filmy edukacyjne omawiaj\u0105 budow\u0119 dzie\u0142a filmowego, ucz\u0105 zasad analizy i interpretacji na przyk\u0142adzie klasyki polskiego kina i wybranych dzie\u0142 kina \u015bwiatowego.<\/p>\n<p>Materia\u0142y audiowizualne przygotowane w ramach projektu uwzgl\u0119dniaj\u0105 jedno\u015b\u0107 tre\u015bci i formy, przestrzeni i czasu, warstwy obrazowej i audialnej dzie\u0142a filmowego, m\u00f3wi\u0105 o rzeczywisto\u015bci otaczaj\u0105cej filmowych bohater\u00f3w i ich \u015bwiecie wewn\u0119trznym. Filmy edukacyjne s\u0105 przygotowane zgodnie z zasadami metody analizy antropologiczno-morfologicznej dzie\u0142a filmowego. Ukazuj\u0105 i omawiaj\u0105 jedno\u015b\u0107 wszystkich element\u00f3w wsp\u00f3\u0142tworz\u0105cych obraz filmowy. Jest to podej\u015bcie edukacyjne odrzucaj\u0105ce anachroniczn\u0105 praktyk\u0119 omawiania g\u0142\u00f3wnie tre\u015bci filmu i powierzchownego traktowania jego estetyki i aspekt\u00f3w formalnych.<\/p>\n<p><em>Edukacja Spojrzenia<\/em> odwo\u0142uje si\u0119 zawsze do wybranego fragmentu filmu, sceny lub uj\u0119cia, odnosi komentarz do obrazu filmowego. Pozwala to na przekazywanie wiedzy w spos\u00f3b atrakcyjny dla odbiorcy, a zarazem umo\u017cliwia, dzi\u0119ki po\u0142\u0105czeniu obrazu filmowego i s\u0142owa, na przedstawienie w kr\u00f3tkim czasie, na konkretnych przyk\u0142adach, wielu informacji w spos\u00f3b wyrazisty i zrozumia\u0142y.<\/p>\n<p>Na stronie internetowej projektu materia\u0142om audiowizualnym towarzysz\u0105 om\u00f3wienia, fragmenty artyku\u0142\u00f3w i ksi\u0105\u017cek poszerzaj\u0105ce komentarz zawarty w filmie.<\/p>\n<p>Projekt jest realizowany przez Fundacj\u0119 <a href=\"http:\/\/lokaluzytkowy.org\/\"><em>Lokal u\u017cytkowy<\/em><\/a> i<em> <a href=\"http:\/\/analizafilmu.pl\/\">Zesp\u00f3\u0142 Bada\u0144 nad Filmem<\/a><\/em> z Instytutu Kultury Polskiej na Wydziale Polonistyki Uniwersytetu Warszawskiego.<a href=\"https:\/\/edukacjaspojrzenia.pl\/index.php\/projekt\/05_znak_uproszczony_kolor_biale_tlo_rgb\/\" rel=\"attachment wp-att-394\"><img decoding=\"async\" loading=\"lazy\" class=\"wp-image-555 aligncenter\" src=\"https:\/\/edukacjaspojrzenia.pl\/wp-content\/uploads\/2023\/12\/05_znak_uproszczony_kolor_biale_tlo_RGB.png\" alt=\"\" width=\"455\" height=\"114\" \/><\/a><\/p>\n<p>Dofinansowano ze \u015brodk\u00f3w Ministra Kultury i Dziedzictwa Narodowego pochodz\u0105cych z Funduszu Promocji Kultury &#8211; pa\u0144stwowego funduszu celowego<\/p>\n<p><a href=\"https:\/\/edukacjaspojrzenia.pl\/pisf_log1pol\/\"><img decoding=\"async\" loading=\"lazy\" class=\"alignnone wp-image-602 size-full\" src=\"https:\/\/edukacjaspojrzenia.pl\/wp-content\/uploads\/2023\/12\/PISF_log1pol.png\" alt=\"\" width=\"425\" height=\"283\" srcset=\"https:\/\/edukacjaspojrzenia.pl\/wp-content\/uploads\/2023\/12\/PISF_log1pol.png 425w, https:\/\/edukacjaspojrzenia.pl\/wp-content\/uploads\/2023\/12\/PISF_log1pol-300x200.png 300w, https:\/\/edukacjaspojrzenia.pl\/wp-content\/uploads\/2023\/12\/PISF_log1pol-160x107.png 160w\" sizes=\"(max-width: 425px) 100vw, 425px\" \/><\/a><\/p>\n<p>Projekt jest wsp\u00f3\u0142finansowany przez Polski Instytut Sztuki Filmowej<\/p>\n<p><strong>Lektury<\/strong><\/p>\n<ol>\n<li>Seweryn Ku\u015bmierczyk, <em>Analiza antropologiczno-morfologiczna dzie\u0142a filmowego<\/em>, w: tego\u017c, <em>Wyprawa bohatera w polskim filmie fabularnym<\/em>, Warszawa 2014, s. 11\u201334;<\/li>\n<\/ol>\n<p>2. Seweryn Ku\u015bmierczyk, <em>Wprowadzenie. Analiza antropologiczno-morfologiczna jako praktyka filmoznawcza<\/em>, w: <em>Antropologia postaci w dziele filmowym<\/em>, red. naukowa S. Ku\u015bmierczyk, Warszawa 2015, s. 11\u201329.<\/p>\n<p><a href=\"https:\/\/depot.ceon.pl\/handle\/123456789\/16682\">https:\/\/depot.ceon.pl\/handle\/123456789\/16682<\/a><\/p>\n<p>3. Joanna Parol, <em>Analiza filmu jako edukacja spojrzenia. Edukacja i wychowanie\u201edla filmu <\/em>&#8222;Kwartalnik Pedagogiczny&#8221; 2017, nr 4, s. 111-122.<\/p>\n<p><a href=\"https:\/\/depot.ceon.pl\/handle\/123456789\/16683\">https:\/\/depot.ceon.pl\/handle\/123456789\/16683<\/a><\/p>\n<p>Powsta\u0142e w ramach projektu filmy s\u0105 dost\u0119pne na kanale projektu w serwisie YouTube<\/p>\n<p><a href=\"https:\/\/www.youtube.com\/channel\/UC1bA_UYrspx5mgBoi0JGMeA\/videos\">https:\/\/www.youtube.com\/channel\/UC1bA_UYrspx5mgBoi0JGMeA\/videos<\/a><\/p>\n","protected":false},"excerpt":{"rendered":"<p>Projekt Edukacja Spojrzenia uczy ca\u0142o\u015bciowego i uwa\u017cnego odbioru dzie\u0142a filmowego. Filmy edukacyjne omawiaj\u0105 budow\u0119 dzie\u0142a filmowego, ucz\u0105 zasad analizy i interpretacji na przyk\u0142adzie klasyki polskiego kina i wybranych dzie\u0142 kina \u015bwiatowego. Materia\u0142y audiowizualne przygotowane w ramach projektu uwzgl\u0119dniaj\u0105 jedno\u015b\u0107 tre\u015bci i formy, przestrzeni i czasu, warstwy obrazowej i audialnej dzie\u0142a filmowego, m\u00f3wi\u0105 o rzeczywisto\u015bci otaczaj\u0105cej [&hellip;]<\/p>\n<a class=\"read-more-link\" href=\" https:\/\/edukacjaspojrzenia.pl\/ \">Read more<\/a>","protected":false},"author":1,"featured_media":342,"parent":0,"menu_order":0,"comment_status":"closed","ping_status":"closed","template":"","meta":[],"_links":{"self":[{"href":"https:\/\/edukacjaspojrzenia.pl\/index.php\/wp-json\/wp\/v2\/pages\/8"}],"collection":[{"href":"https:\/\/edukacjaspojrzenia.pl\/index.php\/wp-json\/wp\/v2\/pages"}],"about":[{"href":"https:\/\/edukacjaspojrzenia.pl\/index.php\/wp-json\/wp\/v2\/types\/page"}],"author":[{"embeddable":true,"href":"https:\/\/edukacjaspojrzenia.pl\/index.php\/wp-json\/wp\/v2\/users\/1"}],"replies":[{"embeddable":true,"href":"https:\/\/edukacjaspojrzenia.pl\/index.php\/wp-json\/wp\/v2\/comments?post=8"}],"version-history":[{"count":33,"href":"https:\/\/edukacjaspojrzenia.pl\/index.php\/wp-json\/wp\/v2\/pages\/8\/revisions"}],"predecessor-version":[{"id":603,"href":"https:\/\/edukacjaspojrzenia.pl\/index.php\/wp-json\/wp\/v2\/pages\/8\/revisions\/603"}],"wp:featuredmedia":[{"embeddable":true,"href":"https:\/\/edukacjaspojrzenia.pl\/index.php\/wp-json\/wp\/v2\/media\/342"}],"wp:attachment":[{"href":"https:\/\/edukacjaspojrzenia.pl\/index.php\/wp-json\/wp\/v2\/media?parent=8"}],"curies":[{"name":"wp","href":"https:\/\/api.w.org\/{rel}","templated":true}]}}